{"id":5,"date":"2018-11-07T11:56:49","date_gmt":"2018-11-07T11:56:49","guid":{"rendered":"http:\/\/localhost\/?page_id=5"},"modified":"2023-10-23T11:57:45","modified_gmt":"2023-10-23T09:57:45","slug":"inicio","status":"publish","type":"page","link":"https:\/\/opendata.alcoi.org\/es\/","title":{"rendered":"Inicio"},"content":{"rendered":"<p>[et_pb_section fb_built=\u00bb1&#8243; module_id=\u00bbslider_home\u00bb _builder_version=\u00bb4.16&#8243; background_image=\u00bbhttps:\/\/opendata.alcoi.org\/wp-content\/uploads\/2018\/11\/portada-2-1.jpg\u00bb custom_padding=\u00bb100px||100px|\u00bb global_colors_info=\u00bb{}\u00bb][et_pb_row _builder_version=\u00bb4.16&#8243; background_size=\u00bbinitial\u00bb background_position=\u00bbtop_left\u00bb background_repeat=\u00bbrepeat\u00bb global_colors_info=\u00bb{}\u00bb][et_pb_column type=\u00bb4_4&#8243; _builder_version=\u00bb4.16&#8243; custom_padding=\u00bb|||\u00bb global_colors_info=\u00bb{}\u00bb custom_padding__hover=\u00bb|||\u00bb][et_pb_text _builder_version=\u00bb4.16&#8243; header_text_align=\u00bbcenter\u00bb header_font_size=\u00bb42px\u00bb header_line_height=\u00bb50px\u00bb header_2_text_align=\u00bbcenter\u00bb header_2_font_size=\u00bb19px\u00bb header_2_line_height=\u00bb23px\u00bb text_orientation=\u00bbcenter\u00bb background_layout=\u00bbdark\u00bb global_colors_info=\u00bb{}\u00bb]<\/p>\n<h1>Datos abiertos e informaci\u00f3n interesante de Alcoy<\/h1>\n<h2>Hay un total de 32 datasets en el Cat\u00e1logo de Open Data<\/h2>\n<p>[\/et_pb_text][et_pb_code _builder_version=\u00bb4.16&#8243; global_colors_info=\u00bb{}\u00bb]<\/p>\n<div id=\"form_slider\"><!-- [et_pb_line_break_holder] --><\/p>\n<form action=\"https:\/\/opendata.alcoi.org\/data\/dataset\" method=\"get\" ><!-- [et_pb_line_break_holder] --><input type=\"text\" name=\"q\" value=\"\" placeholder=\"Buscar datos abiertos\"><!-- [et_pb_line_break_holder] --><button type=\"submit\"><i class=\"fas fa-search\"><\/i><\/button><!-- [et_pb_line_break_holder] --><\/form>\n<p><!-- [et_pb_line_break_holder] --><\/div>\n<p>[\/et_pb_code][\/et_pb_column][\/et_pb_row][\/et_pb_section][et_pb_section fb_built=\u00bb1&#8243; _builder_version=\u00bb4.16&#8243; custom_padding=\u00bb50px|||\u00bb global_colors_info=\u00bb{}\u00bb][et_pb_row module_id=\u00bbcont_cats_home\u00bb _builder_version=\u00bb4.16&#8243; custom_padding=\u00bb0px||0px|\u00bb global_colors_info=\u00bb{}\u00bb][et_pb_column type=\u00bb4_4&#8243; module_id=\u00bbcats_home\u00bb _builder_version=\u00bb4.16&#8243; custom_padding=\u00bb|||\u00bb global_colors_info=\u00bb{}\u00bb custom_padding__hover=\u00bb|||\u00bb][et_pb_text _builder_version=\u00bb4.16&#8243; text_font=\u00bb|600|||||||\u00bb header_3_font=\u00bb|600|||||||\u00bb header_3_text_align=\u00bbcenter\u00bb header_3_font_size=\u00bb30px\u00bb text_orientation=\u00bbcenter\u00bb custom_margin=\u00bb||60px|\u00bb global_colors_info=\u00bb{}\u00bb]<\/p>\n<h3>Categor\u00edas<\/h3>\n<p>[\/et_pb_text][et_pb_code _builder_version=\u00bb4.16&#8243; global_colors_info=\u00bb{}\u00bb]<div class='row_shown'>\r\n        <div class=\"et_pb_column et_pb_column_1_6 et_pb_column_4  et_pb_css_mix_blend_mode_passthrough\">\r\n        <div class=\"et_pb_module et_pb_code et_pb_code_2 fav_up grupo  et_pb_text_align_center\">\r\n        <div class=\"et_pb_code_inner\">\r\n        <i class=\"fas fa-microscope\"><\/i>\r\n        <h3><a href=\"http:\/\/opendata.alcoi.org\/data\/es\/group\/4e940ebf-0954-49b5-b288-0d4fe4f21582\">Ciencia y Tecnolog\u00eda<\/a><\/h3>\r\n        <\/div> <!-- .et_pb_code_inner -->\r\n        <\/div> <!-- .et_pb_code -->\r\n        <\/div>\r\n    \t\r\n        <div class=\"et_pb_column et_pb_column_1_6 et_pb_column_4  et_pb_css_mix_blend_mode_passthrough\">\r\n        <div class=\"et_pb_module et_pb_code et_pb_code_2 fav_up grupo  et_pb_text_align_center\">\r\n        <div class=\"et_pb_code_inner\">\r\n        <i class=\"fas fa-shopping-basket\"><\/i>\r\n        <h3><a href=\"http:\/\/opendata.alcoi.org\/data\/es\/group\/3ebce650-23f7-45fc-b71b-a64f3ef117bf\">Comercio<\/a><\/h3>\r\n        <\/div> <!-- .et_pb_code_inner -->\r\n        <\/div> <!-- .et_pb_code -->\r\n        <\/div>\r\n    \t\r\n        <div class=\"et_pb_column et_pb_column_1_6 et_pb_column_4  et_pb_css_mix_blend_mode_passthrough\">\r\n        <div class=\"et_pb_module et_pb_code et_pb_code_2 fav_up grupo  et_pb_text_align_center\">\r\n        <div class=\"et_pb_code_inner\">\r\n        <i class=\"fas fa-theater-masks\"><\/i>\r\n        <h3><a href=\"http:\/\/opendata.alcoi.org\/data\/es\/group\/f1228391-2e49-4cf1-b1a1-e6019958329b\">Cultura y Ocio<\/a><\/h3>\r\n        <\/div> <!-- .et_pb_code_inner -->\r\n        <\/div> <!-- .et_pb_code -->\r\n        <\/div>\r\n    \t\r\n        <div class=\"et_pb_column et_pb_column_1_6 et_pb_column_4  et_pb_css_mix_blend_mode_passthrough\">\r\n        <div class=\"et_pb_module et_pb_code et_pb_code_2 fav_up grupo  et_pb_text_align_center\">\r\n        <div class=\"et_pb_code_inner\">\r\n        <i class=\"fas fa-child\"><\/i>\r\n        <h3><a href=\"http:\/\/opendata.alcoi.org\/data\/es\/group\/85c4d901-aab9-4299-a256-4005f85936ba\">Demograf\u00eda<\/a><\/h3>\r\n        <\/div> <!-- .et_pb_code_inner -->\r\n        <\/div> <!-- .et_pb_code -->\r\n        <\/div>\r\n    \t\r\n        <div class=\"et_pb_column et_pb_column_1_6 et_pb_column_4  et_pb_css_mix_blend_mode_passthrough\">\r\n        <div class=\"et_pb_module et_pb_code et_pb_code_2 fav_up grupo  et_pb_text_align_center\">\r\n        <div class=\"et_pb_code_inner\">\r\n        <i class=\"fas fa-euro-sign\"><\/i>\r\n        <h3><a href=\"http:\/\/opendata.alcoi.org\/data\/es\/group\/4e23eb92-694d-4239-b649-3d984bcd5611\">Econom\u00eda<\/a><\/h3>\r\n        <\/div> <!-- .et_pb_code_inner -->\r\n        <\/div> <!-- .et_pb_code -->\r\n        <\/div>\r\n    \t\r\n        <div class=\"et_pb_column et_pb_column_1_6 et_pb_column_4  et_pb_css_mix_blend_mode_passthrough\">\r\n        <div class=\"et_pb_module et_pb_code et_pb_code_2 fav_up grupo  et_pb_text_align_center\">\r\n        <div class=\"et_pb_code_inner\">\r\n        <i class=\"fas fa-book\"><\/i>\r\n        <h3><a href=\"http:\/\/opendata.alcoi.org\/data\/es\/group\/bdaf4a59-4cc5-4cbe-9ec5-5a6f7b6504e1\">Educaci\u00f3n<\/a><\/h3>\r\n        <\/div> <!-- .et_pb_code_inner -->\r\n        <\/div> <!-- .et_pb_code -->\r\n        <\/div>\r\n    \t<\/div><div class='row_hidden'>\r\n        <div class=\"et_pb_column et_pb_column_1_6 et_pb_column_4  et_pb_css_mix_blend_mode_passthrough\">\r\n        <div class=\"et_pb_module et_pb_code et_pb_code_2 fav_up grupo  et_pb_text_align_center\">\r\n        <div class=\"et_pb_code_inner\">\r\n        <i class=\"fas fa-basketball-ball\"><\/i>\r\n        <h3><a href=\"http:\/\/opendata.alcoi.org\/data\/es\/group\/f3579956-6158-4793-8309-4c401a17bc66\">Deporte<\/a><\/h3>\r\n        <\/div> <!-- .et_pb_code_inner -->\r\n        <\/div> <!-- .et_pb_code -->\r\n        <\/div>\r\n    \t\r\n        <div class=\"et_pb_column et_pb_column_1_6 et_pb_column_4  et_pb_css_mix_blend_mode_passthrough\">\r\n        <div class=\"et_pb_module et_pb_code et_pb_code_2 fav_up grupo  et_pb_text_align_center\">\r\n        <div class=\"et_pb_code_inner\">\r\n        <i class=\"fas fa-leaf\"><\/i>\r\n        <h3><a href=\"http:\/\/opendata.alcoi.org\/data\/es\/group\/2a529181-6a57-48bb-b758-fb5cffd8e78b\">Medio Ambiente<\/a><\/h3>\r\n        <\/div> <!-- .et_pb_code_inner -->\r\n        <\/div> <!-- .et_pb_code -->\r\n        <\/div>\r\n    \t\r\n        <div class=\"et_pb_column et_pb_column_1_6 et_pb_column_4  et_pb_css_mix_blend_mode_passthrough\">\r\n        <div class=\"et_pb_module et_pb_code et_pb_code_2 fav_up grupo  et_pb_text_align_center\">\r\n        <div class=\"et_pb_code_inner\">\r\n        <i class=\"fas fa-briefcase-medical\"><\/i>\r\n        <h3><a href=\"http:\/\/opendata.alcoi.org\/data\/es\/group\/762bd52c-9a84-47d7-bc3b-69178ec6f264\">Salud<\/a><\/h3>\r\n        <\/div> <!-- .et_pb_code_inner -->\r\n        <\/div> <!-- .et_pb_code -->\r\n        <\/div>\r\n    \t\r\n        <div class=\"et_pb_column et_pb_column_1_6 et_pb_column_4  et_pb_css_mix_blend_mode_passthrough\">\r\n        <div class=\"et_pb_module et_pb_code et_pb_code_2 fav_up grupo  et_pb_text_align_center\">\r\n        <div class=\"et_pb_code_inner\">\r\n        <i class=\"fas fa-university\"><\/i>\r\n        <h3><a href=\"http:\/\/opendata.alcoi.org\/data\/es\/group\/266bae49-af30-4590-b099-729aefe50c39\">Sector P\u00fablico<\/a><\/h3>\r\n        <\/div> <!-- .et_pb_code_inner -->\r\n        <\/div> <!-- .et_pb_code -->\r\n        <\/div>\r\n    \t\r\n        <div class=\"et_pb_column et_pb_column_1_6 et_pb_column_4  et_pb_css_mix_blend_mode_passthrough\">\r\n        <div class=\"et_pb_module et_pb_code et_pb_code_2 fav_up grupo  et_pb_text_align_center\">\r\n        <div class=\"et_pb_code_inner\">\r\n        <i class=\"fas fa-users\"><\/i>\r\n        <h3><a href=\"http:\/\/opendata.alcoi.org\/data\/es\/group\/79b07d6f-30e5-4bf5-9dd7-b4d24dcbf887\">Sociedad y Bienestar<\/a><\/h3>\r\n        <\/div> <!-- .et_pb_code_inner -->\r\n        <\/div> <!-- .et_pb_code -->\r\n        <\/div>\r\n    \t\r\n        <div class=\"et_pb_column et_pb_column_1_6 et_pb_column_4  et_pb_css_mix_blend_mode_passthrough\">\r\n        <div class=\"et_pb_module et_pb_code et_pb_code_2 fav_up grupo  et_pb_text_align_center\">\r\n        <div class=\"et_pb_code_inner\">\r\n        <i class=\"fas fa-bus-alt\"><\/i>\r\n        <h3><a href=\"http:\/\/opendata.alcoi.org\/data\/es\/group\/982de1f3-5269-4379-84f0-e1bfea91bba2\">Transporte<\/a><\/h3>\r\n        <\/div> <!-- .et_pb_code_inner -->\r\n        <\/div> <!-- .et_pb_code -->\r\n        <\/div>\r\n    \t<\/div><div class='row_hidden'>\r\n        <div class=\"et_pb_column et_pb_column_1_6 et_pb_column_4  et_pb_css_mix_blend_mode_passthrough\">\r\n        <div class=\"et_pb_module et_pb_code et_pb_code_2 fav_up grupo  et_pb_text_align_center\">\r\n        <div class=\"et_pb_code_inner\">\r\n        <i class=\"fas fa-suitcase\"><\/i>\r\n        <h3><a href=\"http:\/\/opendata.alcoi.org\/data\/es\/group\/59c7aea3-ffef-4f8d-ad10-0020756da55e\">Turismo<\/a><\/h3>\r\n        <\/div> <!-- .et_pb_code_inner -->\r\n        <\/div> <!-- .et_pb_code -->\r\n        <\/div>\r\n    \t<\/div>[\/et_pb_code][\/et_pb_column][\/et_pb_row][et_pb_row module_id=\u00bbrow_expand\u00bb _builder_version=\u00bb4.16&#8243; custom_padding=\u00bb0px||0px|\u00bb global_colors_info=\u00bb{}\u00bb][et_pb_column type=\u00bb4_4&#8243; _builder_version=\u00bb4.16&#8243; custom_padding=\u00bb|||\u00bb global_colors_info=\u00bb{}\u00bb custom_padding__hover=\u00bb|||\u00bb][et_pb_text _builder_version=\u00bb4.16&#8243; text_font=\u00bbMontserrat||||||||\u00bb text_text_color=\u00bb#1e1e1c\u00bb text_font_size=\u00bb21px\u00bb text_line_height=\u00bb25px\u00bb text_orientation=\u00bbcenter\u00bb global_colors_info=\u00bb{}\u00bb]<\/p>\n<div class=\"link_expand\">+ Expandir<\/div>\n<p>[\/et_pb_text][\/et_pb_column][\/et_pb_row][et_pb_row module_id=\u00bbrow_collapsed\u00bb module_class=\u00bbrow_hide\u00bb _builder_version=\u00bb4.16&#8243; custom_padding=\u00bb0px||0px|\u00bb custom_css_main_element=\u00bbdisplay:none;\u00bb global_colors_info=\u00bb{}\u00bb][et_pb_column type=\u00bb4_4&#8243; _builder_version=\u00bb4.16&#8243; custom_padding=\u00bb|||\u00bb global_colors_info=\u00bb{}\u00bb custom_padding__hover=\u00bb|||\u00bb][et_pb_text _builder_version=\u00bb4.16&#8243; text_font=\u00bbMontserrat||||||||\u00bb text_text_color=\u00bb#1e1e1c\u00bb text_font_size=\u00bb21px\u00bb text_line_height=\u00bb25px\u00bb text_orientation=\u00bbcenter\u00bb global_colors_info=\u00bb{}\u00bb]<\/p>\n<div class=\"link_collapsed\">&#8211; Contraer<\/div>\n<p>[\/et_pb_text][\/et_pb_column][\/et_pb_row][\/et_pb_section][et_pb_section fb_built=\u00bb1&#8243; _builder_version=\u00bb4.16&#8243; custom_padding=\u00bb|20px|20px|\u00bb global_colors_info=\u00bb{}\u00bb][et_pb_row _builder_version=\u00bb4.16&#8243; custom_padding=\u00bb0px|||\u00bb global_colors_info=\u00bb{}\u00bb][et_pb_column type=\u00bb4_4&#8243; _builder_version=\u00bb4.16&#8243; custom_padding=\u00bb|||\u00bb global_colors_info=\u00bb{}\u00bb custom_padding__hover=\u00bb|||\u00bb][et_pb_code module_id=\u00bbbaner_caso_uso\u00bb _builder_version=\u00bb4.16&#8243; background_color=\u00bb#d73e56&#8243; text_orientation=\u00bbcenter\u00bb link_option_url=\u00bb\/data\/es\/smart-charts\u00bb global_colors_info=\u00bb{}\u00bb]<i class=\"fas fa-chart-bar\"><\/i>CASO DE USO[\/et_pb_code][\/et_pb_column][\/et_pb_row][\/et_pb_section][et_pb_section fb_built=\u00bb1&#8243; module_id=\u00bbsection_feature\u00bb _builder_version=\u00bb4.16&#8243; global_colors_info=\u00bb{}\u00bb][et_pb_row _builder_version=\u00bb4.16&#8243; background_size=\u00bbinitial\u00bb background_position=\u00bbtop_left\u00bb background_repeat=\u00bbrepeat\u00bb global_colors_info=\u00bb{}\u00bb column_structure=\u00bb1_3,1_3,1_3&#8243;][et_pb_column type=\u00bb1_3&#8243; _builder_version=\u00bb4.16&#8243; custom_padding=\u00bb|||\u00bb global_colors_info=\u00bb{}\u00bb custom_padding__hover=\u00bb|||\u00bb][et_pb_code _builder_version=\u00bb4.16&#8243; text_orientation=\u00bbcenter\u00bb global_colors_info=\u00bb{}\u00bb]<i class=\"far fa-question-circle\"><\/i><!-- [et_pb_line_break_holder] --><\/p>\n<h4>\u00bfQu\u00e9 es Open Data?<\/h4>\n<p><!-- [et_pb_line_break_holder] -->Plataforma de informaci\u00f3n p\u00fablica con el principal objetivo de exponer la informaci\u00f3n generada por organismos p\u00fablicos a personas e identidades.[\/et_pb_code][\/et_pb_column][et_pb_column type=\u00bb1_3&#8243; _builder_version=\u00bb4.16&#8243; custom_padding=\u00bb|||\u00bb global_colors_info=\u00bb{}\u00bb custom_padding__hover=\u00bb|||\u00bb][et_pb_code _builder_version=\u00bb4.16&#8243; text_orientation=\u00bbcenter\u00bb global_colors_info=\u00bb{}\u00bb]<i class=\"fas fa-broadcast-tower\"><\/i><!-- [et_pb_line_break_holder] --><\/p>\n<h4>\u00bfQu\u00e9 vas a encontrar?<\/h4>\n<p><!-- [et_pb_line_break_holder] -->Ofrece la posibilidad de mostrar toda la informaci\u00f3n p\u00fablica de forma abierta y  gratuita,   gestionada por entidades municipales.[\/et_pb_code][\/et_pb_column][et_pb_column type=\u00bb1_3&#8243; _builder_version=\u00bb4.16&#8243; custom_padding=\u00bb|||\u00bb global_colors_info=\u00bb{}\u00bb custom_padding__hover=\u00bb|||\u00bb][et_pb_code _builder_version=\u00bb4.16&#8243; text_orientation=\u00bbcenter\u00bb global_colors_info=\u00bb{}\u00bb]<i class=\"far fa-chart-bar\"><\/i><!-- [et_pb_line_break_holder] --><\/p>\n<h4>\u00bfCu\u00e1l es su objetivo?<\/h4>\n<p><!-- [et_pb_line_break_holder] -->Aprovechar al m\u00e1ximo los recursos p\u00fablicos disponibles,  permitiendo su acceso  y utilizaci\u00f3n para el beneficio de las personas e identidades.[\/et_pb_code][\/et_pb_column][\/et_pb_row][\/et_pb_section][et_pb_section fb_built=\u00bb1&#8243; module_id=\u00bbvideo_home\u00bb _builder_version=\u00bb4.16&#8243; custom_padding=\u00bb||0px|\u00bb custom_css_after=\u00bbcontent: %22%22;||background-color: #272727;||position: absolute;||width: 100%;||height: 50%;||bottom: 0;\u00bb global_colors_info=\u00bb{}\u00bb][et_pb_row _builder_version=\u00bb4.16&#8243; max_width=\u00bb922px\u00bb custom_padding=\u00bb0px|||\u00bb use_custom_width=\u00bbon\u00bb custom_width_px=\u00bb922px\u00bb global_colors_info=\u00bb{}\u00bb][et_pb_column type=\u00bb4_4&#8243; _builder_version=\u00bb4.16&#8243; custom_padding=\u00bb|||\u00bb global_colors_info=\u00bb{}\u00bb custom_padding__hover=\u00bb|||\u00bb][et_pb_code _builder_version=\u00bb4.16&#8243; custom_padding=\u00bb||0px|\u00bb global_colors_info=\u00bb{}\u00bb]<iframe loading=\"lazy\" width=\"922\" height=\"519\" src=\"https:\/\/www.youtube.com\/embed\/J-UrhgPSXkk?controls=0\" frameborder=\"0\" allow=\"accelerometer; autoplay; encrypted-media; gyroscope; picture-in-picture\" allowfullscreen><\/iframe>[\/et_pb_code][\/et_pb_column][\/et_pb_row][\/et_pb_section][et_pb_section fb_built=\u00bb1&#8243; _builder_version=\u00bb4.16&#8243; custom_margin=\u00bb0px|||\u00bb custom_padding=\u00bb0px||0px|\u00bb global_colors_info=\u00bb{}\u00bb][et_pb_row _builder_version=\u00bb4.16&#8243; custom_padding=\u00bb0px||0px|\u00bb global_colors_info=\u00bb{}\u00bb][et_pb_column type=\u00bb4_4&#8243; _builder_version=\u00bb4.16&#8243; custom_padding=\u00bb|||\u00bb global_colors_info=\u00bb{}\u00bb custom_padding__hover=\u00bb|||\u00bb][et_pb_code _builder_version=\u00bb4.16&#8243; global_colors_info=\u00bb{}\u00bb]<\/p>\n<div id=\"logo_fixed_smart\"><!-- [et_pb_line_break_holder] --><a target=\"_blank\" href=\"https:\/\/smartcity.alcoi.org\/\" rel=\"noopener\"> <img decoding=\"async\" width=\"100\" src=\"\/wp-content\/uploads\/2018\/11\/logo-alcoi-smart-city-flotante.png\"><\/a><!-- [et_pb_line_break_holder] --><\/div>\n<p>[\/et_pb_code][\/et_pb_column][\/et_pb_row][\/et_pb_section]<\/p>\n","protected":false},"excerpt":{"rendered":"<p>Datos abiertos e informaci\u00f3n interesante de Alcoy Hay un total de 32 datasets en el Cat\u00e1logo de Open Data Categor\u00edas <div class='row_shown'>\r\n        <div class=\"et_pb_column et_pb_column_1_6 et_pb_column_4  et_pb_css_mix_blend_mode_passthrough\">\r\n        <div class=\"et_pb_module et_pb_code et_pb_code_2 fav_up grupo  et_pb_text_align_center\">\r\n        <div class=\"et_pb_code_inner\">\r\n        <i class=\"fas fa-microscope\"><\/i>\r\n        <h3><a href=\"http:\/\/opendata.alcoi.org\/data\/es\/group\/4e940ebf-0954-49b5-b288-0d4fe4f21582\">Ciencia y Tecnolog\u00eda<\/a><\/h3>\r\n        <\/div> <!-- .et_pb_code_inner -->\r\n        <\/div> <!-- .et_pb_code -->\r\n        <\/div>\r\n    \t\r\n        <div class=\"et_pb_column et_pb_column_1_6 et_pb_column_4  et_pb_css_mix_blend_mode_passthrough\">\r\n        <div class=\"et_pb_module et_pb_code et_pb_code_2 fav_up grupo  et_pb_text_align_center\">\r\n        <div class=\"et_pb_code_inner\">\r\n        <i class=\"fas fa-shopping-basket\"><\/i>\r\n        <h3><a href=\"http:\/\/opendata.alcoi.org\/data\/es\/group\/3ebce650-23f7-45fc-b71b-a64f3ef117bf\">Comercio<\/a><\/h3>\r\n        <\/div> <!-- .et_pb_code_inner -->\r\n        <\/div> <!-- .et_pb_code -->\r\n        <\/div>\r\n    \t\r\n        <div class=\"et_pb_column et_pb_column_1_6 et_pb_column_4  et_pb_css_mix_blend_mode_passthrough\">\r\n        <div class=\"et_pb_module et_pb_code et_pb_code_2 fav_up grupo  et_pb_text_align_center\">\r\n        <div class=\"et_pb_code_inner\">\r\n        <i class=\"fas fa-theater-masks\"><\/i>\r\n        <h3><a href=\"http:\/\/opendata.alcoi.org\/data\/es\/group\/f1228391-2e49-4cf1-b1a1-e6019958329b\">Cultura y Ocio<\/a><\/h3>\r\n        <\/div> <!-- .et_pb_code_inner -->\r\n        <\/div> <!-- .et_pb_code -->\r\n        <\/div>\r\n    \t\r\n        <div class=\"et_pb_column et_pb_column_1_6 et_pb_column_4  et_pb_css_mix_blend_mode_passthrough\">\r\n        <div class=\"et_pb_module et_pb_code et_pb_code_2 fav_up grupo  et_pb_text_align_center\">\r\n        <div class=\"et_pb_code_inner\">\r\n        <i class=\"fas fa-child\"><\/i>\r\n        <h3><a href=\"http:\/\/opendata.alcoi.org\/data\/es\/group\/85c4d901-aab9-4299-a256-4005f85936ba\">Demograf\u00eda<\/a><\/h3>\r\n        <\/div> <!-- .et_pb_code_inner -->\r\n        <\/div> <!-- .et_pb_code -->\r\n        <\/div>\r\n    \t\r\n        <div class=\"et_pb_column et_pb_column_1_6 et_pb_column_4  et_pb_css_mix_blend_mode_passthrough\">\r\n        <div class=\"et_pb_module et_pb_code et_pb_code_2 fav_up grupo  et_pb_text_align_center\">\r\n        <div class=\"et_pb_code_inner\">\r\n        <i class=\"fas fa-euro-sign\"><\/i>\r\n        <h3><a href=\"http:\/\/opendata.alcoi.org\/data\/es\/group\/4e23eb92-694d-4239-b649-3d984bcd5611\">Econom\u00eda<\/a><\/h3>\r\n        <\/div> <!-- .et_pb_code_inner -->\r\n        <\/div> <!-- .et_pb_code -->\r\n        <\/div>\r\n    \t\r\n        <div class=\"et_pb_column et_pb_column_1_6 et_pb_column_4  et_pb_css_mix_blend_mode_passthrough\">\r\n        <div class=\"et_pb_module et_pb_code et_pb_code_2 fav_up grupo  et_pb_text_align_center\">\r\n        <div class=\"et_pb_code_inner\">\r\n        <i class=\"fas fa-book\"><\/i>\r\n        <h3><a href=\"http:\/\/opendata.alcoi.org\/data\/es\/group\/bdaf4a59-4cc5-4cbe-9ec5-5a6f7b6504e1\">Educaci\u00f3n<\/a><\/h3>\r\n        <\/div> <!-- .et_pb_code_inner -->\r\n        <\/div> <!-- .et_pb_code -->\r\n        <\/div>\r\n    \t<\/div><div class='row_hidden'>\r\n        <div class=\"et_pb_column et_pb_column_1_6 et_pb_column_4  et_pb_css_mix_blend_mode_passthrough\">\r\n        <div class=\"et_pb_module et_pb_code et_pb_code_2 fav_up grupo  et_pb_text_align_center\">\r\n        <div class=\"et_pb_code_inner\">\r\n        <i class=\"fas fa-basketball-ball\"><\/i>\r\n        <h3><a href=\"http:\/\/opendata.alcoi.org\/data\/es\/group\/f3579956-6158-4793-8309-4c401a17bc66\">Deporte<\/a><\/h3>\r\n        <\/div> <!-- .et_pb_code_inner -->\r\n        <\/div> <!-- .et_pb_code -->\r\n        <\/div>\r\n    \t\r\n        <div class=\"et_pb_column et_pb_column_1_6 et_pb_column_4  et_pb_css_mix_blend_mode_passthrough\">\r\n        <div class=\"et_pb_module et_pb_code et_pb_code_2 fav_up grupo  et_pb_text_align_center\">\r\n        <div class=\"et_pb_code_inner\">\r\n        <i class=\"fas fa-leaf\"><\/i>\r\n        <h3><a href=\"http:\/\/opendata.alcoi.org\/data\/es\/group\/2a529181-6a57-48bb-b758-fb5cffd8e78b\">Medio Ambiente<\/a><\/h3>\r\n        <\/div> <!-- .et_pb_code_inner -->\r\n        <\/div> <!-- .et_pb_code -->\r\n        <\/div>\r\n    \t\r\n        <div class=\"et_pb_column et_pb_column_1_6 et_pb_column_4  et_pb_css_mix_blend_mode_passthrough\">\r\n        <div class=\"et_pb_module et_pb_code et_pb_code_2 fav_up grupo  et_pb_text_align_center\">\r\n        <div class=\"et_pb_code_inner\">\r\n        <i class=\"fas fa-briefcase-medical\"><\/i>\r\n        <h3><a href=\"http:\/\/opendata.alcoi.org\/data\/es\/group\/762bd52c-9a84-47d7-bc3b-69178ec6f264\">Salud<\/a><\/h3>\r\n        <\/div> <!-- .et_pb_code_inner -->\r\n        <\/div> <!-- .et_pb_code -->\r\n        <\/div>\r\n    \t\r\n        <div class=\"et_pb_column et_pb_column_1_6 et_pb_column_4  et_pb_css_mix_blend_mode_passthrough\">\r\n        <div class=\"et_pb_module et_pb_code et_pb_code_2 fav_up grupo  et_pb_text_align_center\">\r\n        <div class=\"et_pb_code_inner\">\r\n        <i class=\"fas fa-university\"><\/i>\r\n        <h3><a href=\"http:\/\/opendata.alcoi.org\/data\/es\/group\/266bae49-af30-4590-b099-729aefe50c39\">Sector P\u00fablico<\/a><\/h3>\r\n        <\/div> <!-- .et_pb_code_inner -->\r\n        <\/div> <!-- .et_pb_code -->\r\n        <\/div>\r\n    \t\r\n        <div class=\"et_pb_column et_pb_column_1_6 et_pb_column_4  et_pb_css_mix_blend_mode_passthrough\">\r\n        <div class=\"et_pb_module et_pb_code et_pb_code_2 fav_up grupo  et_pb_text_align_center\">\r\n        <div class=\"et_pb_code_inner\">\r\n        <i class=\"fas fa-users\"><\/i>\r\n        <h3><a href=\"http:\/\/opendata.alcoi.org\/data\/es\/group\/79b07d6f-30e5-4bf5-9dd7-b4d24dcbf887\">Sociedad y Bienestar<\/a><\/h3>\r\n        <\/div> <!-- .et_pb_code_inner -->\r\n        <\/div> <!-- .et_pb_code -->\r\n        <\/div>\r\n    \t\r\n        <div class=\"et_pb_column et_pb_column_1_6 et_pb_column_4  et_pb_css_mix_blend_mode_passthrough\">\r\n        <div class=\"et_pb_module et_pb_code et_pb_code_2 fav_up grupo  et_pb_text_align_center\">\r\n        <div class=\"et_pb_code_inner\">\r\n        <i class=\"fas fa-bus-alt\"><\/i>\r\n        <h3><a href=\"http:\/\/opendata.alcoi.org\/data\/es\/group\/982de1f3-5269-4379-84f0-e1bfea91bba2\">Transporte<\/a><\/h3>\r\n        <\/div> <!-- .et_pb_code_inner -->\r\n        <\/div> <!-- .et_pb_code -->\r\n        <\/div>\r\n    \t<\/div><div class='row_hidden'>\r\n        <div class=\"et_pb_column et_pb_column_1_6 et_pb_column_4  et_pb_css_mix_blend_mode_passthrough\">\r\n        <div class=\"et_pb_module et_pb_code et_pb_code_2 fav_up grupo  et_pb_text_align_center\">\r\n        <div class=\"et_pb_code_inner\">\r\n        <i class=\"fas fa-suitcase\"><\/i>\r\n        <h3><a href=\"http:\/\/opendata.alcoi.org\/data\/es\/group\/59c7aea3-ffef-4f8d-ad10-0020756da55e\">Turismo<\/a><\/h3>\r\n        <\/div> <!-- .et_pb_code_inner -->\r\n        <\/div> <!-- .et_pb_code -->\r\n        <\/div>\r\n    \t<\/div>+ Expandir &#8211; Contraer<\/p>\n","protected":false},"author":1,"featured_media":0,"parent":0,"menu_order":0,"comment_status":"closed","ping_status":"closed","template":"","meta":{"_et_pb_use_builder":"on","_et_pb_old_content":"","_et_gb_content_width":"","footnotes":""},"class_list":["post-5","page","type-page","status-publish","hentry"],"_links":{"self":[{"href":"https:\/\/opendata.alcoi.org\/es\/wp-json\/wp\/v2\/pages\/5","targetHints":{"allow":["GET"]}}],"collection":[{"href":"https:\/\/opendata.alcoi.org\/es\/wp-json\/wp\/v2\/pages"}],"about":[{"href":"https:\/\/opendata.alcoi.org\/es\/wp-json\/wp\/v2\/types\/page"}],"author":[{"embeddable":true,"href":"https:\/\/opendata.alcoi.org\/es\/wp-json\/wp\/v2\/users\/1"}],"replies":[{"embeddable":true,"href":"https:\/\/opendata.alcoi.org\/es\/wp-json\/wp\/v2\/comments?post=5"}],"version-history":[{"count":130,"href":"https:\/\/opendata.alcoi.org\/es\/wp-json\/wp\/v2\/pages\/5\/revisions"}],"predecessor-version":[{"id":340,"href":"https:\/\/opendata.alcoi.org\/es\/wp-json\/wp\/v2\/pages\/5\/revisions\/340"}],"wp:attachment":[{"href":"https:\/\/opendata.alcoi.org\/es\/wp-json\/wp\/v2\/media?parent=5"}],"curies":[{"name":"wp","href":"https:\/\/api.w.org\/{rel}","templated":true}]}}