{"id":289,"date":"2019-04-01T13:21:15","date_gmt":"2019-04-01T13:21:15","guid":{"rendered":"https:\/\/opendata.alcoi.org\/?page_id=289"},"modified":"2019-04-01T13:28:06","modified_gmt":"2019-04-01T13:28:06","slug":"aviso-legal","status":"publish","type":"page","link":"https:\/\/opendata.alcoi.org\/es\/aviso-legal\/","title":{"rendered":"Aviso Legal"},"content":{"rendered":"<p>[et_pb_section bb_built=\u00bb1&#8243;][et_pb_row][et_pb_column type=\u00bb4_4&#8243;][et_pb_text _builder_version=\u00bb3.17.1&#8243;]<\/p>\n<h1>AVISO LEGAL<\/h1>\n<p>En cumplimiento del REGLAMENTO (UE) 2016\/679, y en relaci\u00f3n al tratamiento de sus datos personales, le informamos de lo siguiente:<br \/>\nResponsable:<br \/>\nEl responsable del tratamiento es Ayuntamiento de Alcoy, Plaza de Espa\u00f1a, 1, 03801, Alcoy (ALICANTE).<\/p>\n<p>El sitio web https:\/\/opendata.alcoi.org (en adelante, el \u201cSitio Web\u201d) es propiedad de Ayuntamiento de Alcoy con nombre comercial Ayuntamiento de Alcoy.<br \/>\nEl acceso al sitio Web https:\/\/opendata.alcoi.org de Ayuntamiento de Alcoy implica la aceptaci\u00f3n de todas las condiciones siguientes:<\/p>\n<h2>PROPIEDAD INDUSTRIAL<\/h2>\n<p>El logotipo y la denominaci\u00f3n \u201cAyuntamiento de Alcoy\u201d, as\u00ed como otros signos distintivos (gr\u00e1ficos o denominativos), que aparecen en esta Web son propiedad exclusiva de Ayuntamiento de Alcoy, de tal forma que es esta entidad la \u00fanica autorizada a utilizarlos.<br \/>\nLos contenidos de este sitio web, textos, im\u00e1genes, etc. as\u00ed como su dise\u00f1o gr\u00e1fico y su c\u00f3digo fuente est\u00e1n protegidos por la legislaci\u00f3n espa\u00f1ola sobre los derechos de propiedad intelectual e industrial a favor de Ayuntamiento de Alcoy.<br \/>\nQuedando por tanto totalmente prohibida su reproducci\u00f3n, distribuci\u00f3n o comunicaci\u00f3n p\u00fablica, total o parcial, sin la autorizaci\u00f3n expresa de Ayuntamiento de Alcoy.<br \/>\nNOMBRE DE DOMINIO<br \/>\nDe igual forma a lo rese\u00f1ado en los p\u00e1rrafos anteriores, los nombres de dominio \u201chttps:\/\/opendata.alcoi.org\u201c y todos aquellos que sirvan para acceder al presente sitio son de titularidad exclusiva de Ayuntamiento de Alcoy. El uso indebido de los mismos supondr\u00eda una infracci\u00f3n de los derechos adquiridos por su registro y ser\u00e1 perseguido por los medios previstos en la Ley.<\/p>\n<h2>USO PERSONAL<\/h2>\n<p>El usuario queda expresamente autorizado por Ayuntamiento de Alcoy a visualizar, imprimir, copiar o almacenar en su disco duro o cualquier otro soporte f\u00edsico, los contenidos y activos amparados o no por un derecho de exclusiva (a excepci\u00f3n de los programas de ordenador), siempre que \u00e9sta actuaci\u00f3n se efect\u00fae para el uso personal y privado del usuario, sin finalidad comercial o de distribuci\u00f3n y sin modificar, alterar o descompilar los antedichos derechos y contenidos. Esta licencia de uso personal se entiende efectuada siempre y cuando se respeten intactas las advertencias a los derechos de autor y de propiedad industrial que se realizan, sin que esto signifique la concesi\u00f3n de licencia alguna al usuario.<br \/>\nCualquier otro uso de los contenidos o creaciones intelectuales de este sitio requerir\u00e1 la autorizaci\u00f3n expresa y por escrito de Ayuntamiento de Alcoy.<\/p>\n<h2>RESERVA DE ACCIONES LEGALES<\/h2>\n<p>Ayuntamiento de Alcoy se reserva en todo momento el ejercicio de cuantos medios o acciones legales le correspondan en defensa de sus leg\u00edtimos derechos de propiedad intelectual e industrial frente a un uso no autorizado de los mismos o a cualquier actuaci\u00f3n que pudiera perjudicarlos.<\/p>\n<h2>ENLACES<\/h2>\n<p>Los enlaces con los que el usuario pueda encontrarse durante la navegaci\u00f3n en este sitio Web le permiten abandonar este sitio.<br \/>\nLos sitios enlazados no est\u00e1n relacionados, salvo indicaci\u00f3n de lo contrario, con Ayuntamiento de Alcoy, quien no se hace responsable de los contenidos a los que se acceda en virtud de los mencionados enlaces, ni de las modificaciones que se lleven a cabo en los mismos, ni del uso que de aquellos se realice, ni de la disponibilidad t\u00e9cnica de los mismos.<br \/>\nEn cualquier caso, Ayuntamiento de Alcoy se compromete a hacer todo lo posible para evitar la existencia en su sitio Web de enlaces a p\u00e1ginas de contenido ilegal, que promuevan actividades il\u00edcitas, racistas, xen\u00f3fobas y, en general, susceptibles de atentar contra los principios de libertad y de dignidad humana o vulneren los valores y derechos reconocidos por la Constituci\u00f3n Espa\u00f1ola y por la Declaraci\u00f3n Universal de los Derechos Humanos.<br \/>\nEn el supuesto de que alg\u00fan usuario estimase que alg\u00fan enlace incluido el Sitio Web menoscaba en cualquier forma sus derechos o si le supone el m\u00e1s m\u00ednimo perjuicio, tan s\u00f3lo debe comunicarlo mediante el env\u00edo de un correo electr\u00f3nico a Ayuntamiento de Alcoy , teniendo la confianza de que se tomar\u00e1n las medidas oportunas al respecto.<\/p>\n<h2>CONTENIDO DE LA WEB<\/h2>\n<p>Ayuntamiento de Alcoy no se responsabiliza del mal uso que se realice de los contenidos de nuestra p\u00e1gina web, siendo exclusiva responsabilidad de la persona que accede a ellos o los utiliza.<\/p>\n<h2>ACTUALIZACI\u00d3N Y MODIFICACI\u00d3N DE LA P\u00c1GINA WEB<\/h2>\n<p>Ayuntamiento de Alcoy se reserva el derecho a modificar o eliminar, sin previo aviso, tanto la informaci\u00f3n contenida en su sitio Web, as\u00ed como su configuraci\u00f3n y presentaci\u00f3n, sin asumir responsabilidad alguna por ello.<br \/>\nINDICACIONES SOBRE ASPECTOS T\u00c9CNICOS<br \/>\nAyuntamiento de Alcoy no asume ninguna responsabilidad que se pueda derivar de problemas t\u00e9cnicos o fallos en los equipos inform\u00e1ticos que se produzcan durante la conexi\u00f3n a la red de Internet, as\u00ed como de da\u00f1os que pudieran ser causados por terceras personas mediante intromisiones ileg\u00edtimas fuera del control de Ayuntamiento de Alcoy.<br \/>\nTambi\u00e9n quedamos exonerados de toda responsabilidad ante posibles da\u00f1os o perjuicios que pueda sufrir el usuario a consecuencia de errores, defectos u omisiones en la informaci\u00f3n que facilitemos cuando proceda de fuentes ajenas a nosotros.<\/p>\n<h2>CONDICIONES DE ACCESO<\/h2>\n<p>En general, el acceso a los contenidos facilitados por \u00abAyuntamiento de Alcoy\u00bb ser\u00e1 de car\u00e1cter libre y gratuito, y no se exigir\u00e1 a los usuarios que faciliten datos personales, ni se suscriban, ni hagan uso de claves o contrase\u00f1as, a excepci\u00f3n del acceso restringido a la secci\u00f3n de clientes de \u00abAyuntamiento de Alcoy\u00bb.<br \/>\nCuando para la contrataci\u00f3n o solicitud de informaci\u00f3n de un determinado servicio sea necesario facilitar datos de car\u00e1cter personal, los usuarios garantizar\u00e1n su veracidad, exactitud, autenticidad y vigencia. \u00abAyuntamiento de Alcoy\u00bb se compromete a dar a dichos datos el tratamiento automatizado que corresponda en funci\u00f3n de la naturaleza y finalidad de los mismos, en las condiciones y t\u00e9rminos que quedan reflejadas en la Pol\u00edtica de Privacidad.<br \/>\nPara aquellos casos en los que se hace necesario el uso de claves de acceso (nombre de usuario y contrase\u00f1a), el usuario se compromete a usarlas de acuerdo a las siguientes restricciones:<br \/>\nLas claves, elegidas por el usuario, no deber\u00e1n ser contrarias a la moral y las buenas costumbres generalmente aceptadas, ni de cualquier modo infringir los derechos de propiedad industrial e intelectual y al honor y a la propia imagen de terceros.<br \/>\nLas claves de acceso son para uso personal y exclusivo del usuario titular de las mismas, y su custodia y correcta utilizaci\u00f3n son responsabilidad del mismo. \u00abAyuntamiento de Alcoy\u00bb no se hace responsable por ning\u00fan perjuicio en que el usuario o terceros puedan incurrir como consecuencia de que otras personas hagan uso de sus claves, con o sin consentimiento o conocimiento del usuario.<br \/>\nNo obstante, \u00abAyuntamiento de Alcoy\u00bb se compromete a cumplir con el deber de secreto respecto a las claves registradas y utilizadas por los usuarios.<\/p>\n<h2>CONDICIONES DE USO<\/h2>\n<p>El uso del sitio Web de \u00abAyuntamiento de Alcoy\u00bb deber\u00e1 obedecer al contenido de estas Condiciones Generales, a cualesquiera disposiciones legales aplicables y a las exigencias de la moral y las buenas costumbres generalmente aceptadas, as\u00ed como a las de orden p\u00fablico.<br \/>\nSalvo previa y expresa autorizaci\u00f3n de \u00abAyuntamiento de Alcoy\u00bb, los usuarios \u00fanicamente podr\u00e1n hacer uso de los contenidos y servicios ofrecidos en este sitio Web a modo personal, absteni\u00e9ndose de realizar cualquier acto que, directa o indirectamente, suponga una explotaci\u00f3n comercial de los mismos.<br \/>\nEn todo caso, los usuarios utilizar\u00e1n los contenidos y servicios facilitados por \u00abAyuntamiento de Alcoy\u00bb de conformidad con la legalidad vigente, y asumir\u00e1n las responsabilidades que les correspondan por las conductas o actividades que, en cualquier forma, puedan resultar il\u00edcitas o lesivas para derechos de terceros o que puedan perjudicar, impedir o limitar el uso de este sitio Web a otros usuarios.<br \/>\nLos usuarios se comprometen a no transmitir o difundir a trav\u00e9s de \u00abAyuntamiento de Alcoy\u00bb mensajes, im\u00e1genes, fotograf\u00edas, software, datos o contenidos que:<br \/>\nde cualquier forma contravengan o atenten contra derechos fundamentales reconocidos por el ordenamiento jur\u00eddico.<br \/>\ninduzcan, inciten o promuevan actuaciones delictivas, denigratorias, difamatorias, infamantes, violentas, discriminatorias por raz\u00f3n de sexo, raza, religi\u00f3n o ideolog\u00eda, o, en general, sean contrarias a la ley, a la moral o al orden p\u00fablico.<br \/>\nsean falsos, ambiguos, inexactos, exagerados, obscenos o extempor\u00e1neos.<br \/>\nse encuentren protegidos por cualesquiera derechos de propiedad intelectual o industrial pertenecientes a terceros, salvo previa y suficiente autorizaci\u00f3n de su leg\u00edtimo titular.<br \/>\nlesionen o puedan lesionar el derecho al honor, a la intimidad personal, a la propia imagen de terceras personas o infrinjan la normativa sobre el secreto o confidencialidad de las comunicaciones.<br \/>\nconstituyan publicidad il\u00edcita, enga\u00f1osa o desleal.<br \/>\ncontengan virus, caballos de Troya, gusanos, bombas de tiempo o cualquier otro material o programa que pueda da\u00f1ar o alterar el funcionamiento de equipos o sistemas inform\u00e1ticos.<br \/>\n\u00abAyuntamiento de Alcoy\u00bb se reserva el derecho unilateral, en cualquier momento y sin previo aviso o justificaci\u00f3n, de denegar el acceso a su sitio Web a aquellos usuarios que incumplan estas Condiciones Generales de Uso.<\/p>\n<h2>POL\u00cdTICA DE PRIVACIDAD Y PROTECCI\u00d3N DE DATOS (L.O.P.D.)<\/h2>\n<p>Ayuntamiento de Alcoy pone en conocimiento de los usuarios de este sitio Web, que podr\u00e1 crear un archivo automatizado con los datos personales que sean puestos en conocimiento del referido titular, como consecuencia de la utilizaci\u00f3n de la presente Web y a causa de env\u00edos de correos electr\u00f3nicos, o bien sobre aquellos recabados a trav\u00e9s de nuestro formulario de contacto, en estricto cumplimiento con lo preceptuado por la legislaci\u00f3n en materia de protecci\u00f3n de datos.<br \/>\nEn cumplimiento de lo dispuesto en la Ley Org\u00e1nica 15\/1999, de 13 de diciembre, de Protecci\u00f3n de Datos de Car\u00e1cter Personal, los usuarios podr\u00e1n ejercitar, en cualquier momento, los derechos de acceso, rectificaci\u00f3n, oposici\u00f3n y cancelaci\u00f3n de sus datos, que hubiesen sido recopilados y archivados. El ejercicio de estos derechos deber\u00e1 efectuarse mediante comunicaci\u00f3n escrita dirigida a la sede social de Ayuntamiento de Alcoy o a la direcci\u00f3n de correo electr\u00f3nico contacto_smartcity@alcoi.org, indicando, en cualquiera de los casos, como referencia \u00abDatos Personales\u00bb y el referido derecho que pretendan accionar, adjuntando copia de su Documento Nacional de Identidad.<br \/>\nLos datos registrados podr\u00edan ser utilizados con la finalidad prestarle y\/o ofrecerle nuestros servicios, de efectuar estad\u00edsticas, la remisi\u00f3n de publicidad &#8211; incluso por medios electr\u00f3nicos -, la gesti\u00f3n de incidencias o la realizaci\u00f3n de estudios de mercado, entre otras actividades.<br \/>\nEn su caso, los datos de car\u00e1cter personal facilitados por los usuarios podr\u00e1n ser comunicados a un tercero s\u00f3lo para el cumplimiento de los fines se\u00f1alados anteriormente y previo consentimiento de los interesados, que se entender\u00e1 otorgado si nada manifiestan al contrario en el plazo de quince d\u00edas desde que facilitaran sus datos. En cualquier caso, el se\u00f1alado consentimiento podr\u00e1 ser revocable en cualquier momento mediante comunicaci\u00f3n escrita dirigida a la sede social del titular, indicando como referencia \u00abBaja Datos Personales\u00bb.<\/p>\n<p>[\/et_pb_text][\/et_pb_column][\/et_pb_row][\/et_pb_section]<\/p>\n","protected":false},"excerpt":{"rendered":"<p><div class=\"et_pb_row et_pb_row_0 et_pb_row_empty\">\n\t\t\t\t\n\t\t\t\t\n\t\t\t\t\n\t\t\t\t\n\t\t\t\t\n\t\t\t<\/div> AVISO LEGAL En cumplimiento del REGLAMENTO (UE) 2016\/679, y en relaci\u00f3n al tratamiento de sus datos personales, le informamos de lo siguiente: Responsable: El responsable del tratamiento es Ayuntamiento de Alcoy, Plaza de Espa\u00f1a, 1, 03801, Alcoy (ALICANTE). El sitio web https:\/\/opendata.alcoi.org (en adelante, el \u201cSitio Web\u201d) es propiedad de Ayuntamiento de Alcoy con [&hellip;]<\/p>\n","protected":false},"author":2,"featured_media":0,"parent":0,"menu_order":0,"comment_status":"closed","ping_status":"closed","template":"","meta":{"_et_pb_use_builder":"on","_et_pb_old_content":"","_et_gb_content_width":"","footnotes":""},"class_list":["post-289","page","type-page","status-publish","hentry"],"_links":{"self":[{"href":"https:\/\/opendata.alcoi.org\/es\/wp-json\/wp\/v2\/pages\/289","targetHints":{"allow":["GET"]}}],"collection":[{"href":"https:\/\/opendata.alcoi.org\/es\/wp-json\/wp\/v2\/pages"}],"about":[{"href":"https:\/\/opendata.alcoi.org\/es\/wp-json\/wp\/v2\/types\/page"}],"author":[{"embeddable":true,"href":"https:\/\/opendata.alcoi.org\/es\/wp-json\/wp\/v2\/users\/2"}],"replies":[{"embeddable":true,"href":"https:\/\/opendata.alcoi.org\/es\/wp-json\/wp\/v2\/comments?post=289"}],"version-history":[{"count":2,"href":"https:\/\/opendata.alcoi.org\/es\/wp-json\/wp\/v2\/pages\/289\/revisions"}],"predecessor-version":[{"id":291,"href":"https:\/\/opendata.alcoi.org\/es\/wp-json\/wp\/v2\/pages\/289\/revisions\/291"}],"wp:attachment":[{"href":"https:\/\/opendata.alcoi.org\/es\/wp-json\/wp\/v2\/media?parent=289"}],"curies":[{"name":"wp","href":"https:\/\/api.w.org\/{rel}","templated":true}]}}