{"id":108,"date":"2018-11-12T15:07:59","date_gmt":"2018-11-12T15:07:59","guid":{"rendered":"http:\/\/localhost\/?page_id=108"},"modified":"2025-06-23T07:22:45","modified_gmt":"2025-06-23T05:22:45","slug":"inicio","status":"publish","type":"page","link":"https:\/\/opendata.alcoi.org\/ca\/","title":{"rendered":"Inicio"},"content":{"rendered":"<p>[et_pb_section fb_built=&#8221;1&#8243; module_id=&#8221;slider_home&#8221; _builder_version=&#8221;4.16&#8243; background_image=&#8221;https:\/\/opendata.alcoi.org\/wp-content\/uploads\/2018\/11\/portada-2-1.jpg&#8221; custom_padding=&#8221;100px||100px|&#8221; global_colors_info=&#8221;{}&#8221;][et_pb_row _builder_version=&#8221;4.16&#8243; background_size=&#8221;initial&#8221; background_position=&#8221;top_left&#8221; background_repeat=&#8221;repeat&#8221; global_colors_info=&#8221;{}&#8221;][et_pb_column type=&#8221;4_4&#8243; _builder_version=&#8221;4.16&#8243; custom_padding=&#8221;|||&#8221; global_colors_info=&#8221;{}&#8221; custom_padding__hover=&#8221;|||&#8221;][et_pb_text _builder_version=&#8221;4.16&#8243; header_text_align=&#8221;center&#8221; header_font_size=&#8221;42px&#8221; header_line_height=&#8221;50px&#8221; header_2_text_align=&#8221;center&#8221; header_2_font_size=&#8221;19px&#8221; header_2_line_height=&#8221;23px&#8221; text_orientation=&#8221;center&#8221; background_layout=&#8221;dark&#8221; global_colors_info=&#8221;{}&#8221;]<\/p>\n<h1>Dades obertes e informaci\u00f3 interessant d&#8217;Alcoi<\/h1>\n<h2>Hi ha 32 datasets al Cat\u00e0leg d&#8217;Open Data<\/h2>\n<p>[\/et_pb_text][et_pb_code _builder_version=&#8221;4.27.4&#8243; hover_enabled=&#8221;0&#8243; global_colors_info=&#8221;{}&#8221; sticky_enabled=&#8221;0&#8243;]<\/p>\n<div id=\"form_slider\"><!-- [et_pb_line_break_holder] --><\/p>\n<form action=\"https:\/\/opendata.alcoi.org\/data\/dataset\" method=\"get\" ><!-- [et_pb_line_break_holder] --><input type=\"text\" name=\"q\" value=\"\" placeholder=\"Cercar dades obertes\"><!-- [et_pb_line_break_holder] --><button type=\"submit\"><i class=\"fas fa-search\"><\/i><\/button><!-- [et_pb_line_break_holder] --><\/form>\n<p><!-- [et_pb_line_break_holder] --><\/div>\n<p>[\/et_pb_code][\/et_pb_column][\/et_pb_row][\/et_pb_section][et_pb_section fb_built=&#8221;1&#8243; _builder_version=&#8221;4.16&#8243; global_colors_info=&#8221;{}&#8221;][et_pb_row use_custom_gutter=&#8221;on&#8221; gutter_width=&#8221;2&#8243; module_id=&#8221;cont_cats_home&#8221; _builder_version=&#8221;4.16&#8243; custom_padding=&#8221;||0px|&#8221; global_colors_info=&#8221;{}&#8221;][et_pb_column type=&#8221;4_4&#8243; module_id=&#8221;cats_home&#8221; _builder_version=&#8221;4.16&#8243; custom_padding=&#8221;|||&#8221; global_colors_info=&#8221;{}&#8221; custom_padding__hover=&#8221;|||&#8221;][et_pb_text _builder_version=&#8221;4.16&#8243; header_3_font=&#8221;|600|||||||&#8221; header_3_text_align=&#8221;center&#8221; header_3_font_size=&#8221;30px&#8221; text_orientation=&#8221;center&#8221; custom_margin=&#8221;||60px|&#8221; global_colors_info=&#8221;{}&#8221;]<\/p>\n<h3>Categories<\/h3>\n<p>[\/et_pb_text][et_pb_code module_class=&#8221;fav_up grupo&#8221; _builder_version=&#8221;4.16&#8243; text_orientation=&#8221;center&#8221; global_colors_info=&#8221;{}&#8221;]<div class='row_shown'>\r\n        <div class=\"et_pb_column et_pb_column_1_6 et_pb_column_4  et_pb_css_mix_blend_mode_passthrough\">\r\n        <div class=\"et_pb_module et_pb_code et_pb_code_2 fav_up grupo  et_pb_text_align_center\">\r\n        <div class=\"et_pb_code_inner\">\r\n        <i class=\"fas fa-microscope\"><\/i>\r\n        <h3><a href=\"http:\/\/opendata.alcoi.org\/data\/ca\/group\/4e940ebf-0954-49b5-b288-0d4fe4f21582\">Ci\u00e8ncia i Tecnologia<\/a><\/h3>\r\n        <\/div> <!-- .et_pb_code_inner -->\r\n        <\/div> <!-- .et_pb_code -->\r\n        <\/div>\r\n    \t\r\n        <div class=\"et_pb_column et_pb_column_1_6 et_pb_column_4  et_pb_css_mix_blend_mode_passthrough\">\r\n        <div class=\"et_pb_module et_pb_code et_pb_code_2 fav_up grupo  et_pb_text_align_center\">\r\n        <div class=\"et_pb_code_inner\">\r\n        <i class=\"fas fa-shopping-basket\"><\/i>\r\n        <h3><a href=\"http:\/\/opendata.alcoi.org\/data\/ca\/group\/3ebce650-23f7-45fc-b71b-a64f3ef117bf\">Comer\u00e7<\/a><\/h3>\r\n        <\/div> <!-- .et_pb_code_inner -->\r\n        <\/div> <!-- .et_pb_code -->\r\n        <\/div>\r\n    \t\r\n        <div class=\"et_pb_column et_pb_column_1_6 et_pb_column_4  et_pb_css_mix_blend_mode_passthrough\">\r\n        <div class=\"et_pb_module et_pb_code et_pb_code_2 fav_up grupo  et_pb_text_align_center\">\r\n        <div class=\"et_pb_code_inner\">\r\n        <i class=\"fas fa-theater-masks\"><\/i>\r\n        <h3><a href=\"http:\/\/opendata.alcoi.org\/data\/ca\/group\/f1228391-2e49-4cf1-b1a1-e6019958329b\">Cultura i Oci<\/a><\/h3>\r\n        <\/div> <!-- .et_pb_code_inner -->\r\n        <\/div> <!-- .et_pb_code -->\r\n        <\/div>\r\n    \t\r\n        <div class=\"et_pb_column et_pb_column_1_6 et_pb_column_4  et_pb_css_mix_blend_mode_passthrough\">\r\n        <div class=\"et_pb_module et_pb_code et_pb_code_2 fav_up grupo  et_pb_text_align_center\">\r\n        <div class=\"et_pb_code_inner\">\r\n        <i class=\"fas fa-child\"><\/i>\r\n        <h3><a href=\"http:\/\/opendata.alcoi.org\/data\/ca\/group\/85c4d901-aab9-4299-a256-4005f85936ba\">Demografia<\/a><\/h3>\r\n        <\/div> <!-- .et_pb_code_inner -->\r\n        <\/div> <!-- .et_pb_code -->\r\n        <\/div>\r\n    \t\r\n        <div class=\"et_pb_column et_pb_column_1_6 et_pb_column_4  et_pb_css_mix_blend_mode_passthrough\">\r\n        <div class=\"et_pb_module et_pb_code et_pb_code_2 fav_up grupo  et_pb_text_align_center\">\r\n        <div class=\"et_pb_code_inner\">\r\n        <i class=\"fas fa-euro-sign\"><\/i>\r\n        <h3><a href=\"http:\/\/opendata.alcoi.org\/data\/ca\/group\/4e23eb92-694d-4239-b649-3d984bcd5611\">Economia<\/a><\/h3>\r\n        <\/div> <!-- .et_pb_code_inner -->\r\n        <\/div> <!-- .et_pb_code -->\r\n        <\/div>\r\n    \t\r\n        <div class=\"et_pb_column et_pb_column_1_6 et_pb_column_4  et_pb_css_mix_blend_mode_passthrough\">\r\n        <div class=\"et_pb_module et_pb_code et_pb_code_2 fav_up grupo  et_pb_text_align_center\">\r\n        <div class=\"et_pb_code_inner\">\r\n        <i class=\"fas fa-book\"><\/i>\r\n        <h3><a href=\"http:\/\/opendata.alcoi.org\/data\/ca\/group\/bdaf4a59-4cc5-4cbe-9ec5-5a6f7b6504e1\">Educaci\u00f3<\/a><\/h3>\r\n        <\/div> <!-- .et_pb_code_inner -->\r\n        <\/div> <!-- .et_pb_code -->\r\n        <\/div>\r\n    \t<\/div><div class='row_hidden'>\r\n        <div class=\"et_pb_column et_pb_column_1_6 et_pb_column_4  et_pb_css_mix_blend_mode_passthrough\">\r\n        <div class=\"et_pb_module et_pb_code et_pb_code_2 fav_up grupo  et_pb_text_align_center\">\r\n        <div class=\"et_pb_code_inner\">\r\n        <i class=\"fas fa-basketball-ball\"><\/i>\r\n        <h3><a href=\"http:\/\/opendata.alcoi.org\/data\/ca\/group\/f3579956-6158-4793-8309-4c401a17bc66\">Esport<\/a><\/h3>\r\n        <\/div> <!-- .et_pb_code_inner -->\r\n        <\/div> <!-- .et_pb_code -->\r\n        <\/div>\r\n    \t\r\n        <div class=\"et_pb_column et_pb_column_1_6 et_pb_column_4  et_pb_css_mix_blend_mode_passthrough\">\r\n        <div class=\"et_pb_module et_pb_code et_pb_code_2 fav_up grupo  et_pb_text_align_center\">\r\n        <div class=\"et_pb_code_inner\">\r\n        <i class=\"fas fa-leaf\"><\/i>\r\n        <h3><a href=\"http:\/\/opendata.alcoi.org\/data\/ca\/group\/2a529181-6a57-48bb-b758-fb5cffd8e78b\">Medi Ambient<\/a><\/h3>\r\n        <\/div> <!-- .et_pb_code_inner -->\r\n        <\/div> <!-- .et_pb_code -->\r\n        <\/div>\r\n    \t\r\n        <div class=\"et_pb_column et_pb_column_1_6 et_pb_column_4  et_pb_css_mix_blend_mode_passthrough\">\r\n        <div class=\"et_pb_module et_pb_code et_pb_code_2 fav_up grupo  et_pb_text_align_center\">\r\n        <div class=\"et_pb_code_inner\">\r\n        <i class=\"fas fa-briefcase-medical\"><\/i>\r\n        <h3><a href=\"http:\/\/opendata.alcoi.org\/data\/ca\/group\/762bd52c-9a84-47d7-bc3b-69178ec6f264\">Salut<\/a><\/h3>\r\n        <\/div> <!-- .et_pb_code_inner -->\r\n        <\/div> <!-- .et_pb_code -->\r\n        <\/div>\r\n    \t\r\n        <div class=\"et_pb_column et_pb_column_1_6 et_pb_column_4  et_pb_css_mix_blend_mode_passthrough\">\r\n        <div class=\"et_pb_module et_pb_code et_pb_code_2 fav_up grupo  et_pb_text_align_center\">\r\n        <div class=\"et_pb_code_inner\">\r\n        <i class=\"fas fa-university\"><\/i>\r\n        <h3><a href=\"http:\/\/opendata.alcoi.org\/data\/ca\/group\/266bae49-af30-4590-b099-729aefe50c39\">Sector P\u00fablic<\/a><\/h3>\r\n        <\/div> <!-- .et_pb_code_inner -->\r\n        <\/div> <!-- .et_pb_code -->\r\n        <\/div>\r\n    \t\r\n        <div class=\"et_pb_column et_pb_column_1_6 et_pb_column_4  et_pb_css_mix_blend_mode_passthrough\">\r\n        <div class=\"et_pb_module et_pb_code et_pb_code_2 fav_up grupo  et_pb_text_align_center\">\r\n        <div class=\"et_pb_code_inner\">\r\n        <i class=\"fas fa-users\"><\/i>\r\n        <h3><a href=\"http:\/\/opendata.alcoi.org\/data\/ca\/group\/79b07d6f-30e5-4bf5-9dd7-b4d24dcbf887\">Societat i Benestar<\/a><\/h3>\r\n        <\/div> <!-- .et_pb_code_inner -->\r\n        <\/div> <!-- .et_pb_code -->\r\n        <\/div>\r\n    \t\r\n        <div class=\"et_pb_column et_pb_column_1_6 et_pb_column_4  et_pb_css_mix_blend_mode_passthrough\">\r\n        <div class=\"et_pb_module et_pb_code et_pb_code_2 fav_up grupo  et_pb_text_align_center\">\r\n        <div class=\"et_pb_code_inner\">\r\n        <i class=\"fas fa-bus-alt\"><\/i>\r\n        <h3><a href=\"http:\/\/opendata.alcoi.org\/data\/ca\/group\/982de1f3-5269-4379-84f0-e1bfea91bba2\">Transport<\/a><\/h3>\r\n        <\/div> <!-- .et_pb_code_inner -->\r\n        <\/div> <!-- .et_pb_code -->\r\n        <\/div>\r\n    \t<\/div><div class='row_hidden'>\r\n        <div class=\"et_pb_column et_pb_column_1_6 et_pb_column_4  et_pb_css_mix_blend_mode_passthrough\">\r\n        <div class=\"et_pb_module et_pb_code et_pb_code_2 fav_up grupo  et_pb_text_align_center\">\r\n        <div class=\"et_pb_code_inner\">\r\n        <i class=\"fas fa-suitcase\"><\/i>\r\n        <h3><a href=\"http:\/\/opendata.alcoi.org\/data\/ca\/group\/59c7aea3-ffef-4f8d-ad10-0020756da55e\">Turisme<\/a><\/h3>\r\n        <\/div> <!-- .et_pb_code_inner -->\r\n        <\/div> <!-- .et_pb_code -->\r\n        <\/div>\r\n    \t<\/div>[\/et_pb_code][\/et_pb_column][\/et_pb_row][et_pb_row module_id=&#8221;row_expand&#8221; _builder_version=&#8221;4.16&#8243; custom_padding=&#8221;0px||0px|&#8221; global_colors_info=&#8221;{}&#8221;][et_pb_column type=&#8221;4_4&#8243; _builder_version=&#8221;4.16&#8243; custom_padding=&#8221;|||&#8221; global_colors_info=&#8221;{}&#8221; custom_padding__hover=&#8221;|||&#8221;][et_pb_text _builder_version=&#8221;4.16&#8243; text_font=&#8221;Montserrat||||||||&#8221; text_text_color=&#8221;#1e1e1c&#8221; text_font_size=&#8221;21px&#8221; text_line_height=&#8221;25px&#8221; text_orientation=&#8221;center&#8221; global_colors_info=&#8221;{}&#8221;]<\/p>\n<div class=\"link_expand\">+ Expandir<\/div>\n<p>[\/et_pb_text][\/et_pb_column][\/et_pb_row][et_pb_row module_id=&#8221;row_collapsed&#8221; module_class=&#8221;row_hide&#8221; _builder_version=&#8221;4.16&#8243; custom_padding=&#8221;16px||0px|&#8221; custom_css_main_element=&#8221;display:none;&#8221; global_colors_info=&#8221;{}&#8221;][et_pb_column type=&#8221;4_4&#8243; _builder_version=&#8221;4.16&#8243; custom_padding=&#8221;|||&#8221; global_colors_info=&#8221;{}&#8221; custom_padding__hover=&#8221;|||&#8221;][et_pb_text _builder_version=&#8221;4.16&#8243; text_font=&#8221;Montserrat||||||||&#8221; text_text_color=&#8221;#1e1e1c&#8221; text_font_size=&#8221;21px&#8221; text_line_height=&#8221;25px&#8221; text_orientation=&#8221;center&#8221; global_colors_info=&#8221;{}&#8221;]<\/p>\n<div class=\"link_collapsed\">&#8211; Contraure<\/div>\n<p>[\/et_pb_text][\/et_pb_column][\/et_pb_row][\/et_pb_section][et_pb_section fb_built=&#8221;1&#8243; _builder_version=&#8221;4.16&#8243; global_colors_info=&#8221;{}&#8221;][et_pb_row _builder_version=&#8221;4.16&#8243; custom_padding=&#8221;0px|||&#8221; global_colors_info=&#8221;{}&#8221;][et_pb_column type=&#8221;4_4&#8243; _builder_version=&#8221;4.16&#8243; custom_padding=&#8221;|||&#8221; global_colors_info=&#8221;{}&#8221; custom_padding__hover=&#8221;|||&#8221;][et_pb_code module_id=&#8221;baner_caso_uso&#8221; _builder_version=&#8221;4.16&#8243; background_color=&#8221;#d73e56&#8243; text_orientation=&#8221;center&#8221; link_option_url=&#8221;\/data\/ca\/smart-charts&#8221; global_colors_info=&#8221;{}&#8221;]<i class=\"fas fa-chart-bar\"><\/i>CAS D&#8217;\u00daS[\/et_pb_code][\/et_pb_column][\/et_pb_row][\/et_pb_section][et_pb_section fb_built=&#8221;1&#8243; module_id=&#8221;section_feature&#8221; _builder_version=&#8221;4.16&#8243; global_colors_info=&#8221;{}&#8221;][et_pb_row _builder_version=&#8221;4.16&#8243; background_size=&#8221;initial&#8221; background_position=&#8221;top_left&#8221; background_repeat=&#8221;repeat&#8221; global_colors_info=&#8221;{}&#8221; column_structure=&#8221;1_3,1_3,1_3&#8243;][et_pb_column type=&#8221;1_3&#8243; _builder_version=&#8221;4.16&#8243; custom_padding=&#8221;|||&#8221; global_colors_info=&#8221;{}&#8221; custom_padding__hover=&#8221;|||&#8221;][et_pb_code _builder_version=&#8221;4.16&#8243; text_orientation=&#8221;center&#8221; global_colors_info=&#8221;{}&#8221;]<i class=\"far fa-question-circle\"><\/i><!-- [et_pb_line_break_holder] --><\/p>\n<h4>Qu\u00e8 \u00e9s Open Data?<\/h4>\n<p><!-- [et_pb_line_break_holder] -->Plataforma d&#8217;informaci\u00f3 p\u00fablica amb el principal objectiu d&#8217;exposar la informaci\u00f3 generada per organismes p\u00fablics a persones i identitats.[\/et_pb_code][\/et_pb_column][et_pb_column type=&#8221;1_3&#8243; _builder_version=&#8221;4.16&#8243; custom_padding=&#8221;|||&#8221; global_colors_info=&#8221;{}&#8221; custom_padding__hover=&#8221;|||&#8221;][et_pb_code _builder_version=&#8221;4.16&#8243; text_orientation=&#8221;center&#8221; global_colors_info=&#8221;{}&#8221;]<i class=\"fas fa-broadcast-tower\"><\/i><!-- [et_pb_line_break_holder] --><\/p>\n<h4>Qu\u00e8 trobar\u00e0s?&#8221; <\/h4>\n<p><!-- [et_pb_line_break_holder] -->Oferix la possibilitat de mostrar tota la informaci\u00f3 p\u00fablica de forma oberta i gratu\u00efta, gestionada per entitats municipals.[\/et_pb_code][\/et_pb_column][et_pb_column type=&#8221;1_3&#8243; _builder_version=&#8221;4.16&#8243; custom_padding=&#8221;|||&#8221; global_colors_info=&#8221;{}&#8221; custom_padding__hover=&#8221;|||&#8221;][et_pb_code _builder_version=&#8221;4.16&#8243; text_orientation=&#8221;center&#8221; global_colors_info=&#8221;{}&#8221;]<i class=\"far fa-chart-bar\"><\/i><!-- [et_pb_line_break_holder] --><\/p>\n<h4>Quin \u00e9s el seu objectiu?<\/h4>\n<p><!-- [et_pb_line_break_holder] -->Aprofitar al m\u00e0xim els recursos p\u00fablics disponibles, permetent el seu acc\u00e9s i utilitzaci\u00f3 per al benefici de les persones i identitats.[\/et_pb_code][\/et_pb_column][\/et_pb_row][\/et_pb_section][et_pb_section fb_built=&#8221;1&#8243; module_id=&#8221;video_home&#8221; _builder_version=&#8221;4.16&#8243; custom_padding=&#8221;||0px|&#8221; custom_css_after=&#8221;content: %22%22;||background-color: #272727;||position: absolute;||width: 100%;||height: 50%;||bottom: 0;&#8221; global_colors_info=&#8221;{}&#8221;][et_pb_row _builder_version=&#8221;4.16&#8243; max_width=&#8221;922px&#8221; custom_padding=&#8221;0px|||&#8221; use_custom_width=&#8221;on&#8221; custom_width_px=&#8221;922px&#8221; global_colors_info=&#8221;{}&#8221;][et_pb_column type=&#8221;4_4&#8243; _builder_version=&#8221;4.16&#8243; custom_padding=&#8221;|||&#8221; global_colors_info=&#8221;{}&#8221; custom_padding__hover=&#8221;|||&#8221;][et_pb_code _builder_version=&#8221;4.16&#8243; custom_padding=&#8221;||0px|&#8221; global_colors_info=&#8221;{}&#8221;]<iframe loading=\"lazy\" width=\"922\" height=\"519\" src=\"https:\/\/www.youtube.com\/embed\/J-UrhgPSXkk?controls=0\" frameborder=\"0\" allow=\"accelerometer; autoplay; encrypted-media; gyroscope; picture-in-picture\" allowfullscreen><\/iframe>[\/et_pb_code][\/et_pb_column][\/et_pb_row][\/et_pb_section][et_pb_section fb_built=&#8221;1&#8243; _builder_version=&#8221;4.16&#8243; custom_margin=&#8221;0px|||&#8221; custom_padding=&#8221;0px||0px|&#8221; global_colors_info=&#8221;{}&#8221;][et_pb_row _builder_version=&#8221;4.16&#8243; custom_padding=&#8221;0px||0px|&#8221; global_colors_info=&#8221;{}&#8221;][et_pb_column type=&#8221;4_4&#8243; _builder_version=&#8221;4.16&#8243; custom_padding=&#8221;|||&#8221; global_colors_info=&#8221;{}&#8221; custom_padding__hover=&#8221;|||&#8221;][et_pb_code _builder_version=&#8221;4.16&#8243; global_colors_info=&#8221;{}&#8221;]<\/p>\n<div id=\"logo_fixed_smart\"><!-- [et_pb_line_break_holder] --><a target=\"_blank\" href=\"http:\/\/www.smartcitiesalcoy.es\/\"> <img decoding=\"async\" width=\"100\" src=\"\/wp-content\/uploads\/2018\/11\/logo-alcoi-smart-city-flotante.png\"><\/a><!-- [et_pb_line_break_holder] --><\/div>\n<p>[\/et_pb_code][\/et_pb_column][\/et_pb_row][\/et_pb_section]<\/p>\n","protected":false},"excerpt":{"rendered":"<p>Dades obertes e informaci\u00f3 interessant d&#8217;Alcoi Hi ha 32 datasets al Cat\u00e0leg d&#8217;Open Data Categories <div class='row_shown'>\r\n        <div class=\"et_pb_column et_pb_column_1_6 et_pb_column_4  et_pb_css_mix_blend_mode_passthrough\">\r\n        <div class=\"et_pb_module et_pb_code et_pb_code_2 fav_up grupo  et_pb_text_align_center\">\r\n        <div class=\"et_pb_code_inner\">\r\n        <i class=\"fas fa-microscope\"><\/i>\r\n        <h3><a href=\"http:\/\/opendata.alcoi.org\/data\/ca\/group\/4e940ebf-0954-49b5-b288-0d4fe4f21582\">Ci\u00e8ncia i Tecnologia<\/a><\/h3>\r\n        <\/div> <!-- .et_pb_code_inner -->\r\n        <\/div> <!-- .et_pb_code -->\r\n        <\/div>\r\n    \t\r\n        <div class=\"et_pb_column et_pb_column_1_6 et_pb_column_4  et_pb_css_mix_blend_mode_passthrough\">\r\n        <div class=\"et_pb_module et_pb_code et_pb_code_2 fav_up grupo  et_pb_text_align_center\">\r\n        <div class=\"et_pb_code_inner\">\r\n        <i class=\"fas fa-shopping-basket\"><\/i>\r\n        <h3><a href=\"http:\/\/opendata.alcoi.org\/data\/ca\/group\/3ebce650-23f7-45fc-b71b-a64f3ef117bf\">Comer\u00e7<\/a><\/h3>\r\n        <\/div> <!-- .et_pb_code_inner -->\r\n        <\/div> <!-- .et_pb_code -->\r\n        <\/div>\r\n    \t\r\n        <div class=\"et_pb_column et_pb_column_1_6 et_pb_column_4  et_pb_css_mix_blend_mode_passthrough\">\r\n        <div class=\"et_pb_module et_pb_code et_pb_code_2 fav_up grupo  et_pb_text_align_center\">\r\n        <div class=\"et_pb_code_inner\">\r\n        <i class=\"fas fa-theater-masks\"><\/i>\r\n        <h3><a href=\"http:\/\/opendata.alcoi.org\/data\/ca\/group\/f1228391-2e49-4cf1-b1a1-e6019958329b\">Cultura i Oci<\/a><\/h3>\r\n        <\/div> <!-- .et_pb_code_inner -->\r\n        <\/div> <!-- .et_pb_code -->\r\n        <\/div>\r\n    \t\r\n        <div class=\"et_pb_column et_pb_column_1_6 et_pb_column_4  et_pb_css_mix_blend_mode_passthrough\">\r\n        <div class=\"et_pb_module et_pb_code et_pb_code_2 fav_up grupo  et_pb_text_align_center\">\r\n        <div class=\"et_pb_code_inner\">\r\n        <i class=\"fas fa-child\"><\/i>\r\n        <h3><a href=\"http:\/\/opendata.alcoi.org\/data\/ca\/group\/85c4d901-aab9-4299-a256-4005f85936ba\">Demografia<\/a><\/h3>\r\n        <\/div> <!-- .et_pb_code_inner -->\r\n        <\/div> <!-- .et_pb_code -->\r\n        <\/div>\r\n    \t\r\n        <div class=\"et_pb_column et_pb_column_1_6 et_pb_column_4  et_pb_css_mix_blend_mode_passthrough\">\r\n        <div class=\"et_pb_module et_pb_code et_pb_code_2 fav_up grupo  et_pb_text_align_center\">\r\n        <div class=\"et_pb_code_inner\">\r\n        <i class=\"fas fa-euro-sign\"><\/i>\r\n        <h3><a href=\"http:\/\/opendata.alcoi.org\/data\/ca\/group\/4e23eb92-694d-4239-b649-3d984bcd5611\">Economia<\/a><\/h3>\r\n        <\/div> <!-- .et_pb_code_inner -->\r\n        <\/div> <!-- .et_pb_code -->\r\n        <\/div>\r\n    \t\r\n        <div class=\"et_pb_column et_pb_column_1_6 et_pb_column_4  et_pb_css_mix_blend_mode_passthrough\">\r\n        <div class=\"et_pb_module et_pb_code et_pb_code_2 fav_up grupo  et_pb_text_align_center\">\r\n        <div class=\"et_pb_code_inner\">\r\n        <i class=\"fas fa-book\"><\/i>\r\n        <h3><a href=\"http:\/\/opendata.alcoi.org\/data\/ca\/group\/bdaf4a59-4cc5-4cbe-9ec5-5a6f7b6504e1\">Educaci\u00f3<\/a><\/h3>\r\n        <\/div> <!-- .et_pb_code_inner -->\r\n        <\/div> <!-- .et_pb_code -->\r\n        <\/div>\r\n    \t<\/div><div class='row_hidden'>\r\n        <div class=\"et_pb_column et_pb_column_1_6 et_pb_column_4  et_pb_css_mix_blend_mode_passthrough\">\r\n        <div class=\"et_pb_module et_pb_code et_pb_code_2 fav_up grupo  et_pb_text_align_center\">\r\n        <div class=\"et_pb_code_inner\">\r\n        <i class=\"fas fa-basketball-ball\"><\/i>\r\n        <h3><a href=\"http:\/\/opendata.alcoi.org\/data\/ca\/group\/f3579956-6158-4793-8309-4c401a17bc66\">Esport<\/a><\/h3>\r\n        <\/div> <!-- .et_pb_code_inner -->\r\n        <\/div> <!-- .et_pb_code -->\r\n        <\/div>\r\n    \t\r\n        <div class=\"et_pb_column et_pb_column_1_6 et_pb_column_4  et_pb_css_mix_blend_mode_passthrough\">\r\n        <div class=\"et_pb_module et_pb_code et_pb_code_2 fav_up grupo  et_pb_text_align_center\">\r\n        <div class=\"et_pb_code_inner\">\r\n        <i class=\"fas fa-leaf\"><\/i>\r\n        <h3><a href=\"http:\/\/opendata.alcoi.org\/data\/ca\/group\/2a529181-6a57-48bb-b758-fb5cffd8e78b\">Medi Ambient<\/a><\/h3>\r\n        <\/div> <!-- .et_pb_code_inner -->\r\n        <\/div> <!-- .et_pb_code -->\r\n        <\/div>\r\n    \t\r\n        <div class=\"et_pb_column et_pb_column_1_6 et_pb_column_4  et_pb_css_mix_blend_mode_passthrough\">\r\n        <div class=\"et_pb_module et_pb_code et_pb_code_2 fav_up grupo  et_pb_text_align_center\">\r\n        <div class=\"et_pb_code_inner\">\r\n        <i class=\"fas fa-briefcase-medical\"><\/i>\r\n        <h3><a href=\"http:\/\/opendata.alcoi.org\/data\/ca\/group\/762bd52c-9a84-47d7-bc3b-69178ec6f264\">Salut<\/a><\/h3>\r\n        <\/div> <!-- .et_pb_code_inner -->\r\n        <\/div> <!-- .et_pb_code -->\r\n        <\/div>\r\n    \t\r\n        <div class=\"et_pb_column et_pb_column_1_6 et_pb_column_4  et_pb_css_mix_blend_mode_passthrough\">\r\n        <div class=\"et_pb_module et_pb_code et_pb_code_2 fav_up grupo  et_pb_text_align_center\">\r\n        <div class=\"et_pb_code_inner\">\r\n        <i class=\"fas fa-university\"><\/i>\r\n        <h3><a href=\"http:\/\/opendata.alcoi.org\/data\/ca\/group\/266bae49-af30-4590-b099-729aefe50c39\">Sector P\u00fablic<\/a><\/h3>\r\n        <\/div> <!-- .et_pb_code_inner -->\r\n        <\/div> <!-- .et_pb_code -->\r\n        <\/div>\r\n    \t\r\n        <div class=\"et_pb_column et_pb_column_1_6 et_pb_column_4  et_pb_css_mix_blend_mode_passthrough\">\r\n        <div class=\"et_pb_module et_pb_code et_pb_code_2 fav_up grupo  et_pb_text_align_center\">\r\n        <div class=\"et_pb_code_inner\">\r\n        <i class=\"fas fa-users\"><\/i>\r\n        <h3><a href=\"http:\/\/opendata.alcoi.org\/data\/ca\/group\/79b07d6f-30e5-4bf5-9dd7-b4d24dcbf887\">Societat i Benestar<\/a><\/h3>\r\n        <\/div> <!-- .et_pb_code_inner -->\r\n        <\/div> <!-- .et_pb_code -->\r\n        <\/div>\r\n    \t\r\n        <div class=\"et_pb_column et_pb_column_1_6 et_pb_column_4  et_pb_css_mix_blend_mode_passthrough\">\r\n        <div class=\"et_pb_module et_pb_code et_pb_code_2 fav_up grupo  et_pb_text_align_center\">\r\n        <div class=\"et_pb_code_inner\">\r\n        <i class=\"fas fa-bus-alt\"><\/i>\r\n        <h3><a href=\"http:\/\/opendata.alcoi.org\/data\/ca\/group\/982de1f3-5269-4379-84f0-e1bfea91bba2\">Transport<\/a><\/h3>\r\n        <\/div> <!-- .et_pb_code_inner -->\r\n        <\/div> <!-- .et_pb_code -->\r\n        <\/div>\r\n    \t<\/div><div class='row_hidden'>\r\n        <div class=\"et_pb_column et_pb_column_1_6 et_pb_column_4  et_pb_css_mix_blend_mode_passthrough\">\r\n        <div class=\"et_pb_module et_pb_code et_pb_code_2 fav_up grupo  et_pb_text_align_center\">\r\n        <div class=\"et_pb_code_inner\">\r\n        <i class=\"fas fa-suitcase\"><\/i>\r\n        <h3><a href=\"http:\/\/opendata.alcoi.org\/data\/ca\/group\/59c7aea3-ffef-4f8d-ad10-0020756da55e\">Turisme<\/a><\/h3>\r\n        <\/div> <!-- .et_pb_code_inner -->\r\n        <\/div> <!-- .et_pb_code -->\r\n        <\/div>\r\n    \t<\/div>+ Expandir &#8211; Contraure<\/p>\n","protected":false},"author":1,"featured_media":0,"parent":0,"menu_order":0,"comment_status":"closed","ping_status":"closed","template":"","meta":{"_et_pb_use_builder":"on","_et_pb_old_content":"","_et_gb_content_width":"","footnotes":""},"class_list":["post-108","page","type-page","status-publish","hentry"],"_links":{"self":[{"href":"https:\/\/opendata.alcoi.org\/ca\/wp-json\/wp\/v2\/pages\/108","targetHints":{"allow":["GET"]}}],"collection":[{"href":"https:\/\/opendata.alcoi.org\/ca\/wp-json\/wp\/v2\/pages"}],"about":[{"href":"https:\/\/opendata.alcoi.org\/ca\/wp-json\/wp\/v2\/types\/page"}],"author":[{"embeddable":true,"href":"https:\/\/opendata.alcoi.org\/ca\/wp-json\/wp\/v2\/users\/1"}],"replies":[{"embeddable":true,"href":"https:\/\/opendata.alcoi.org\/ca\/wp-json\/wp\/v2\/comments?post=108"}],"version-history":[{"count":26,"href":"https:\/\/opendata.alcoi.org\/ca\/wp-json\/wp\/v2\/pages\/108\/revisions"}],"predecessor-version":[{"id":309,"href":"https:\/\/opendata.alcoi.org\/ca\/wp-json\/wp\/v2\/pages\/108\/revisions\/309"}],"wp:attachment":[{"href":"https:\/\/opendata.alcoi.org\/ca\/wp-json\/wp\/v2\/media?parent=108"}],"curies":[{"name":"wp","href":"https:\/\/api.w.org\/{rel}","templated":true}]}}